{"id":52040,"date":"2025-05-30T21:13:28","date_gmt":"2025-05-30T21:13:28","guid":{"rendered":"https:\/\/sdfnvlaw.com\/updated\/?page_id=52040"},"modified":"2025-07-25T19:17:07","modified_gmt":"2025-07-25T19:17:07","slug":"testimonials","status":"publish","type":"page","link":"https:\/\/sdfnvlaw.com\/updated\/testimonials\/","title":{"rendered":"Testimonials"},"content":{"rendered":"<h2><a href=\"https:\/\/www.google.com\/search?q=Solomon+Dwiggins+Freer+%26+Steadman,+LTD.&amp;stick=H4sIAAAAAAAA_-NgU1I1qLAwSLawNDU2TzYwSjNINDW3MqhIMk42T04DCiQlmqaZWRgtYlUPzs_Jz83PU3Apz0xPz8wrVnArSk0tUlBTCC5JTUzJTczTUfAJcdEDALJhR6BTAAAA&amp;hl=en&amp;mat=Cb0dAqzFjpn0ElYBYJahacqZwvoy57EU86UngqeqcDeeC3Y25r22G__BTj2cWbDodlIn80p0ksw-_XqqVe9DUlFbb9iIQ5MlKjGUWvxAcIDiYQFeC1VLxpM43kaSV8dXYA&amp;authuser=1#mpd=~17625275596336668093\/customers\/reviews\" target=\"_blank\" rel=\"noopener noreferrer\">Hundreds of 5 STAR Google Reviews<\/a> &amp; Highly Esteemed by <a href=\"https:\/\/chambers.com\/law-firm\/solomon-dwiggins-freer-steadman-ltd-high-net-worth-21:22877573\" target=\"_blank\" rel=\"noopener\">Chambers &amp; Partners<\/a><\/h2>\n<p>Here are a select few.<\/p>\n<p><img loading=\"lazy\" decoding=\"async\" class=\"alignnone size-full wp-image-52041\" src=\"http:\/\/sdfnvlaw.com\/updated\/wp-content\/uploads\/2025\/05\/5starsblack.png\" alt=\"\" width=\"158\" height=\"28\" srcset=\"https:\/\/sdfnvlaw.com\/updated\/wp-content\/uploads\/2025\/05\/5starsblack.png 158w, https:\/\/sdfnvlaw.com\/updated\/wp-content\/uploads\/2025\/05\/5starsblack-150x28.png 150w\" sizes=\"auto, (max-width: 158px) 100vw, 158px\" \/><br \/>\n&#8220;Solomon Dwiggins has a deep and extensive knowledge of Nevada law.&#8221;<\/p>\n<h4>Chambers HNW 2025<\/h4>\n<hr \/>\n<p><img loading=\"lazy\" decoding=\"async\" class=\"alignnone size-full wp-image-52041\" src=\"http:\/\/sdfnvlaw.com\/updated\/wp-content\/uploads\/2025\/05\/5starsblack.png\" alt=\"\" width=\"158\" height=\"28\" srcset=\"https:\/\/sdfnvlaw.com\/updated\/wp-content\/uploads\/2025\/05\/5starsblack.png 158w, https:\/\/sdfnvlaw.com\/updated\/wp-content\/uploads\/2025\/05\/5starsblack-150x28.png 150w\" sizes=\"auto, (max-width: 158px) 100vw, 158px\" \/><br \/>\n&#8220;Solomon Dwiggins is excellent. Its attorneys are smart and strategic. They think ahead and look out for clients&#8217; long-term interests.&#8221;<\/p>\n<h4>Chambers HNW 2025<\/h4>\n<hr \/>\n<p><img loading=\"lazy\" decoding=\"async\" class=\"alignnone size-full wp-image-52041\" src=\"http:\/\/sdfnvlaw.com\/updated\/wp-content\/uploads\/2025\/05\/5starsblack.png\" alt=\"\" width=\"158\" height=\"28\" srcset=\"https:\/\/sdfnvlaw.com\/updated\/wp-content\/uploads\/2025\/05\/5starsblack.png 158w, https:\/\/sdfnvlaw.com\/updated\/wp-content\/uploads\/2025\/05\/5starsblack-150x28.png 150w\" sizes=\"auto, (max-width: 158px) 100vw, 158px\" \/><br \/>\n&#8220;Solomon Dwiggins&#8217; bench is very deep and highly respected.&#8221;<\/p>\n<h4>Chambers HNW 2025<\/h4>\n<hr \/>\n<p><img loading=\"lazy\" decoding=\"async\" class=\"alignnone size-full wp-image-52041\" src=\"http:\/\/sdfnvlaw.com\/updated\/wp-content\/uploads\/2025\/05\/5starsblack.png\" alt=\"\" width=\"158\" height=\"28\" srcset=\"https:\/\/sdfnvlaw.com\/updated\/wp-content\/uploads\/2025\/05\/5starsblack.png 158w, https:\/\/sdfnvlaw.com\/updated\/wp-content\/uploads\/2025\/05\/5starsblack-150x28.png 150w\" sizes=\"auto, (max-width: 158px) 100vw, 158px\" \/><br \/>\n&#8220;Brian Steadman is thoughtful, responsive, eager, always helpful and really smart.&#8221;<\/p>\n<h4>Chambers HNW 2025<\/h4>\n<hr \/>\n<p><img loading=\"lazy\" decoding=\"async\" class=\"alignnone size-full wp-image-52041\" src=\"http:\/\/sdfnvlaw.com\/updated\/wp-content\/uploads\/2025\/05\/5starsblack.png\" alt=\"\" width=\"158\" height=\"28\" srcset=\"https:\/\/sdfnvlaw.com\/updated\/wp-content\/uploads\/2025\/05\/5starsblack.png 158w, https:\/\/sdfnvlaw.com\/updated\/wp-content\/uploads\/2025\/05\/5starsblack-150x28.png 150w\" sizes=\"auto, (max-width: 158px) 100vw, 158px\" \/><br \/>\n&#8220;Dana is very good at highly charged, highly emotional, high net worth disputes.&#8221;<\/p>\n<h4>Chambers HNW 2025<\/h4>\n<hr \/>\n<p><img loading=\"lazy\" decoding=\"async\" class=\"alignnone size-full wp-image-52041\" src=\"http:\/\/sdfnvlaw.com\/updated\/wp-content\/uploads\/2025\/05\/5starsblack.png\" alt=\"\" width=\"158\" height=\"28\" srcset=\"https:\/\/sdfnvlaw.com\/updated\/wp-content\/uploads\/2025\/05\/5starsblack.png 158w, https:\/\/sdfnvlaw.com\/updated\/wp-content\/uploads\/2025\/05\/5starsblack-150x28.png 150w\" sizes=\"auto, (max-width: 158px) 100vw, 158px\" \/><br \/>\n&#8220;Dana Dwiggins is a very good trust litigator. She is a very smart attorney.&#8221;<\/p>\n<h4>Chambers HNW 2025<\/h4>\n<hr \/>\n<p><img loading=\"lazy\" decoding=\"async\" class=\"alignnone size-full wp-image-52041\" src=\"http:\/\/sdfnvlaw.com\/updated\/wp-content\/uploads\/2025\/05\/5starsblack.png\" alt=\"\" width=\"158\" height=\"28\" srcset=\"https:\/\/sdfnvlaw.com\/updated\/wp-content\/uploads\/2025\/05\/5starsblack.png 158w, https:\/\/sdfnvlaw.com\/updated\/wp-content\/uploads\/2025\/05\/5starsblack-150x28.png 150w\" sizes=\"auto, (max-width: 158px) 100vw, 158px\" \/><br \/>\n&#8220;Alexander LeVeque is very knowledgeable, thorough and sharp.&#8221;<\/p>\n<h4>Chambers HNW 2025<\/h4>\n<hr \/>\n<p><img loading=\"lazy\" decoding=\"async\" class=\"alignnone size-full wp-image-52041\" src=\"http:\/\/sdfnvlaw.com\/updated\/wp-content\/uploads\/2025\/05\/5starsblack.png\" alt=\"\" width=\"158\" height=\"28\" srcset=\"https:\/\/sdfnvlaw.com\/updated\/wp-content\/uploads\/2025\/05\/5starsblack.png 158w, https:\/\/sdfnvlaw.com\/updated\/wp-content\/uploads\/2025\/05\/5starsblack-150x28.png 150w\" sizes=\"auto, (max-width: 158px) 100vw, 158px\" \/><br \/>\n&#8220;Brian has strong verbal skills in terms of explaining things to clients.&#8221;<\/p>\n<h4>Chambers HNW 2025<\/h4>\n<hr \/>\n<p><img loading=\"lazy\" decoding=\"async\" class=\"alignnone size-full wp-image-52041\" src=\"http:\/\/sdfnvlaw.com\/updated\/wp-content\/uploads\/2025\/05\/5starsblack.png\" alt=\"\" width=\"158\" height=\"28\" srcset=\"https:\/\/sdfnvlaw.com\/updated\/wp-content\/uploads\/2025\/05\/5starsblack.png 158w, https:\/\/sdfnvlaw.com\/updated\/wp-content\/uploads\/2025\/05\/5starsblack-150x28.png 150w\" sizes=\"auto, (max-width: 158px) 100vw, 158px\" \/><br \/>\n&#8220;I enjoy working with Brian. He is very responsive and knowledgeable.&#8221;<\/p>\n<h4>Chambers HNW 2025<\/h4>\n<hr \/>\n<p><img loading=\"lazy\" decoding=\"async\" class=\"alignnone size-full wp-image-52041\" src=\"http:\/\/sdfnvlaw.com\/updated\/wp-content\/uploads\/2025\/05\/5starsblack.png\" alt=\"\" width=\"158\" height=\"28\" srcset=\"https:\/\/sdfnvlaw.com\/updated\/wp-content\/uploads\/2025\/05\/5starsblack.png 158w, https:\/\/sdfnvlaw.com\/updated\/wp-content\/uploads\/2025\/05\/5starsblack-150x28.png 150w\" sizes=\"auto, (max-width: 158px) 100vw, 158px\" \/><br \/>\n&#8220;Ronnie and Katy helped us update our out of state Trust and Wills. We couldn\u2019t be happier with the Nevada versions. Everyone did a fantastic job with plenty of time spent explaining the steps and answering all of our questions. Thank you for your fantastic work, it was a pleasure and we will be back.&#8221;<\/p>\n<h4>Sean L, Google Review<\/h4>\n<hr \/>\n<p><img loading=\"lazy\" decoding=\"async\" class=\"alignnone size-full wp-image-52041\" src=\"http:\/\/sdfnvlaw.com\/updated\/wp-content\/uploads\/2025\/05\/5starsblack.png\" alt=\"\" width=\"158\" height=\"28\" srcset=\"https:\/\/sdfnvlaw.com\/updated\/wp-content\/uploads\/2025\/05\/5starsblack.png 158w, https:\/\/sdfnvlaw.com\/updated\/wp-content\/uploads\/2025\/05\/5starsblack-150x28.png 150w\" sizes=\"auto, (max-width: 158px) 100vw, 158px\" \/><br \/>\n&#8220;Karna Kallegos is an exemplary employee at this law firm. She was quite instrumental in helping me to settle one of my best friends estate in Henderson Nevada. Karna is a paralegal with 30 years of experience and it shows! What made her special is multi factorial. Her communication was excellent her knowledge of the laws and research were excellent and she was quite personable. If you have a need for an estate attorney in the greater Las Vegas area I recommend this firm wholeheartedly and would ask if you could work with Karna in conjunction with the estate attorney.&#8221;<\/p>\n<h4>Eli D., Google Review<\/h4>\n<hr \/>\n<p><img loading=\"lazy\" decoding=\"async\" class=\"alignnone size-full wp-image-52041\" src=\"http:\/\/sdfnvlaw.com\/updated\/wp-content\/uploads\/2025\/05\/5starsblack.png\" alt=\"\" width=\"158\" height=\"28\" srcset=\"https:\/\/sdfnvlaw.com\/updated\/wp-content\/uploads\/2025\/05\/5starsblack.png 158w, https:\/\/sdfnvlaw.com\/updated\/wp-content\/uploads\/2025\/05\/5starsblack-150x28.png 150w\" sizes=\"auto, (max-width: 158px) 100vw, 158px\" \/><br \/>\n&#8220;Great firm with a kind and helpful staff.&#8221;<\/p>\n<h4>Luis B., Google Review<\/h4>\n<hr \/>\n<p><img loading=\"lazy\" decoding=\"async\" class=\"alignnone size-full wp-image-52041\" src=\"http:\/\/sdfnvlaw.com\/updated\/wp-content\/uploads\/2025\/05\/5starsblack.png\" alt=\"\" width=\"158\" height=\"28\" srcset=\"https:\/\/sdfnvlaw.com\/updated\/wp-content\/uploads\/2025\/05\/5starsblack.png 158w, https:\/\/sdfnvlaw.com\/updated\/wp-content\/uploads\/2025\/05\/5starsblack-150x28.png 150w\" sizes=\"auto, (max-width: 158px) 100vw, 158px\" \/><br \/>\n&#8220;Austrey Dwiggins was super professional and great at communicating!&#8221;<\/p>\n<h4>Kylie R., Google Review<\/h4>\n<hr \/>\n<p><img loading=\"lazy\" decoding=\"async\" class=\"alignnone size-full wp-image-52041\" src=\"http:\/\/sdfnvlaw.com\/updated\/wp-content\/uploads\/2025\/05\/5starsblack.png\" alt=\"\" width=\"158\" height=\"28\" srcset=\"https:\/\/sdfnvlaw.com\/updated\/wp-content\/uploads\/2025\/05\/5starsblack.png 158w, https:\/\/sdfnvlaw.com\/updated\/wp-content\/uploads\/2025\/05\/5starsblack-150x28.png 150w\" sizes=\"auto, (max-width: 158px) 100vw, 158px\" \/><br \/>\n&#8220;We would like to personally thank the firm for assisting us with our estate planning. They were courteous, knowledgeable, and professional. Special thanks to Paralegal, Austrey Dwiggins, for answering all of our questions and walking us through the process. Would definitely recommend the firm to family and friends.&#8221;<\/p>\n<h4>Tracy G., Google Review<\/h4>\n<hr \/>\n<p><img loading=\"lazy\" decoding=\"async\" class=\"alignnone size-full wp-image-52041\" src=\"http:\/\/sdfnvlaw.com\/updated\/wp-content\/uploads\/2025\/05\/5starsblack.png\" alt=\"\" width=\"158\" height=\"28\" srcset=\"https:\/\/sdfnvlaw.com\/updated\/wp-content\/uploads\/2025\/05\/5starsblack.png 158w, https:\/\/sdfnvlaw.com\/updated\/wp-content\/uploads\/2025\/05\/5starsblack-150x28.png 150w\" sizes=\"auto, (max-width: 158px) 100vw, 158px\" \/><br \/>\n&#8220;Very knowledgeable and helpful staff! A1 services!&#8221;<\/p>\n<h4>Melanie T., Google Review<\/h4>\n<hr \/>\n<p><img loading=\"lazy\" decoding=\"async\" class=\"alignnone size-full wp-image-52041\" src=\"http:\/\/sdfnvlaw.com\/updated\/wp-content\/uploads\/2025\/05\/5starsblack.png\" alt=\"\" width=\"158\" height=\"28\" srcset=\"https:\/\/sdfnvlaw.com\/updated\/wp-content\/uploads\/2025\/05\/5starsblack.png 158w, https:\/\/sdfnvlaw.com\/updated\/wp-content\/uploads\/2025\/05\/5starsblack-150x28.png 150w\" sizes=\"auto, (max-width: 158px) 100vw, 158px\" \/><br \/>\n&#8220;I called around and everyone I talked to made me feel very small and not cared for, But then I was referred here. And I couldn&#8217;t be more happy! They are very knowledgeable and helped me a lot with the questions I had. They made me feel like family. 10 out of 10 for me!&#8221;<\/p>\n<h4>Tara M., Google Review<\/h4>\n<hr \/>\n<p><img loading=\"lazy\" decoding=\"async\" class=\"alignnone size-full wp-image-52041\" src=\"http:\/\/sdfnvlaw.com\/updated\/wp-content\/uploads\/2025\/05\/5starsblack.png\" alt=\"\" width=\"158\" height=\"28\" srcset=\"https:\/\/sdfnvlaw.com\/updated\/wp-content\/uploads\/2025\/05\/5starsblack.png 158w, https:\/\/sdfnvlaw.com\/updated\/wp-content\/uploads\/2025\/05\/5starsblack-150x28.png 150w\" sizes=\"auto, (max-width: 158px) 100vw, 158px\" \/><br \/>\n&#8220;Austrey Dwiggins was easy to work with, professional, and overall awesome.&#8221;<\/p>\n<h4>Hunter G., Google Review<\/h4>\n<hr \/>\n<p><img loading=\"lazy\" decoding=\"async\" class=\"alignnone size-full wp-image-52041\" src=\"http:\/\/sdfnvlaw.com\/updated\/wp-content\/uploads\/2025\/05\/5starsblack.png\" alt=\"\" width=\"158\" height=\"28\" srcset=\"https:\/\/sdfnvlaw.com\/updated\/wp-content\/uploads\/2025\/05\/5starsblack.png 158w, https:\/\/sdfnvlaw.com\/updated\/wp-content\/uploads\/2025\/05\/5starsblack-150x28.png 150w\" sizes=\"auto, (max-width: 158px) 100vw, 158px\" \/><br \/>\n&#8220;I highly recommend this firm! Ronnie Goodwin and Priscilla were exceptional in assisting me with my Estate Planning. Their expertise and support made the process smooth and enjoyable.&#8221;<\/p>\n<h4>Katy M., Google Review<\/h4>\n<hr \/>\n<p><img loading=\"lazy\" decoding=\"async\" class=\"alignnone size-full wp-image-52041\" src=\"http:\/\/sdfnvlaw.com\/updated\/wp-content\/uploads\/2025\/05\/5starsblack.png\" alt=\"\" width=\"158\" height=\"28\" srcset=\"https:\/\/sdfnvlaw.com\/updated\/wp-content\/uploads\/2025\/05\/5starsblack.png 158w, https:\/\/sdfnvlaw.com\/updated\/wp-content\/uploads\/2025\/05\/5starsblack-150x28.png 150w\" sizes=\"auto, (max-width: 158px) 100vw, 158px\" \/><br \/>\n&#8220;I highly recommend Solomon Dwiggins Freer &amp; Steadman, LTD. for anyone seeking expertise in trust law. The team was incredibly knowledgeable, patient, and thorough in explaining every detail of the trust setup process. They provided customized solutions that were tailored to my unique needs, ensuring my assets would be protected and distributed exactly as I intended. Communication was prompt and clear throughout, which gave me confidence and peace of mind. If you\u2019re looking for a firm with professionalism, integrity, and a deep understanding of trust and estate planning, look no further than Solomon Dwiggins Freer &amp; Steadman, LTD.&#8221;<\/p>\n<h4>Kristina M., Google Review<\/h4>\n<hr \/>\n<p><img loading=\"lazy\" decoding=\"async\" class=\"alignnone size-full wp-image-52041\" src=\"http:\/\/sdfnvlaw.com\/updated\/wp-content\/uploads\/2025\/05\/5starsblack.png\" alt=\"\" width=\"158\" height=\"28\" srcset=\"https:\/\/sdfnvlaw.com\/updated\/wp-content\/uploads\/2025\/05\/5starsblack.png 158w, https:\/\/sdfnvlaw.com\/updated\/wp-content\/uploads\/2025\/05\/5starsblack-150x28.png 150w\" sizes=\"auto, (max-width: 158px) 100vw, 158px\" \/><br \/>\n&#8220;Roberto Campos, Esq. is an exceptional attorney. He is kind and takes time to explain in plain language as well as patiently answers questions. He is also bilingual in Spanish and English which is a huge plus!<\/p>\n<p>Roberto Campos, Esq. es un abogado excepcional. Es amable y toma el tiempo para explicar en un lenguaje sencillo, as\u00ed como para responder pacientemente a las preguntas. Tambi\u00e9n es biling\u00fce en espa\u00f1ol e ingl\u00e9s, \u00a1lo cual es una gran ventaja!&#8221;<\/p>\n<h4>Adilene P., Google Review<\/h4>\n<hr \/>\n","protected":false},"excerpt":{"rendered":"<p>Hundreds of 5 STAR Google Reviews &amp; Highly Esteemed by Chambers &amp; Partners Here are a select few. &#8220;Solomon Dwiggins has a deep and extensive knowledge of Nevada law.&#8221; Chambers<\/p>\n","protected":false},"author":2,"featured_media":0,"parent":0,"menu_order":0,"comment_status":"closed","ping_status":"closed","template":"","meta":{"footnotes":""},"class_list":["post-52040","page","type-page","status-publish","hentry"],"acf":[],"yoast_head":"<!-- This site is optimized with the Yoast SEO plugin v21.9.1 - https:\/\/yoast.com\/wordpress\/plugins\/seo\/ -->\n<title>Testimonials - Solomon Dwiggins Freer &amp; Steadman<\/title>\n<meta name=\"robots\" content=\"noindex, follow, max-snippet:-1, max-image-preview:large, max-video-preview:-1\" \/>\n<meta property=\"og:locale\" content=\"en_US\" \/>\n<meta property=\"og:type\" content=\"article\" \/>\n<meta property=\"og:title\" content=\"Testimonials - Solomon Dwiggins Freer &amp; Steadman\" \/>\n<meta property=\"og:description\" content=\"Hundreds of 5 STAR Google Reviews &amp; Highly Esteemed by Chambers &amp; Partners Here are a select few. &#8220;Solomon Dwiggins has a deep and extensive knowledge of Nevada law.&#8221; Chambers\" \/>\n<meta property=\"og:url\" content=\"https:\/\/sdfnvlaw.com\/updated\/testimonials\/\" \/>\n<meta property=\"og:site_name\" content=\"Solomon Dwiggins Freer &amp; Steadman\" \/>\n<meta property=\"article:modified_time\" content=\"2025-07-25T19:17:07+00:00\" \/>\n<meta property=\"og:image\" content=\"http:\/\/sdfnvlaw.com\/updated\/wp-content\/uploads\/2025\/05\/5starsblack.png\" \/>\n<meta name=\"twitter:card\" content=\"summary_large_image\" \/>\n<meta name=\"twitter:label1\" content=\"Est. reading time\" \/>\n\t<meta name=\"twitter:data1\" content=\"8 minutes\" \/>\n<script type=\"application\/ld+json\" class=\"yoast-schema-graph\">{\"@context\":\"https:\/\/schema.org\",\"@graph\":[{\"@type\":\"WebPage\",\"@id\":\"https:\/\/sdfnvlaw.com\/updated\/testimonials\/\",\"url\":\"https:\/\/sdfnvlaw.com\/updated\/testimonials\/\",\"name\":\"Testimonials - Solomon Dwiggins Freer &amp; Steadman\",\"isPartOf\":{\"@id\":\"https:\/\/sdfnvlaw.com\/updated\/#website\"},\"datePublished\":\"2025-05-30T21:13:28+00:00\",\"dateModified\":\"2025-07-25T19:17:07+00:00\",\"inLanguage\":\"en-US\",\"potentialAction\":[{\"@type\":\"ReadAction\",\"target\":[\"https:\/\/sdfnvlaw.com\/updated\/testimonials\/\"]}]},{\"@type\":\"WebSite\",\"@id\":\"https:\/\/sdfnvlaw.com\/updated\/#website\",\"url\":\"https:\/\/sdfnvlaw.com\/updated\/\",\"name\":\"Solomon Dwiggins Freer &amp; Steadman\",\"description\":\"Trust and Estate Attorneys\",\"potentialAction\":[{\"@type\":\"SearchAction\",\"target\":{\"@type\":\"EntryPoint\",\"urlTemplate\":\"https:\/\/sdfnvlaw.com\/updated\/?s={search_term_string}\"},\"query-input\":\"required name=search_term_string\"}],\"inLanguage\":\"en-US\"}]}<\/script>\n<!-- \/ Yoast SEO plugin. -->","yoast_head_json":{"title":"Testimonials - Solomon Dwiggins Freer &amp; Steadman","robots":{"index":"noindex","follow":"follow","max-snippet":"max-snippet:-1","max-image-preview":"max-image-preview:large","max-video-preview":"max-video-preview:-1"},"og_locale":"en_US","og_type":"article","og_title":"Testimonials - Solomon Dwiggins Freer &amp; Steadman","og_description":"Hundreds of 5 STAR Google Reviews &amp; Highly Esteemed by Chambers &amp; Partners Here are a select few. &#8220;Solomon Dwiggins has a deep and extensive knowledge of Nevada law.&#8221; Chambers","og_url":"https:\/\/sdfnvlaw.com\/updated\/testimonials\/","og_site_name":"Solomon Dwiggins Freer &amp; Steadman","article_modified_time":"2025-07-25T19:17:07+00:00","og_image":[{"url":"http:\/\/sdfnvlaw.com\/updated\/wp-content\/uploads\/2025\/05\/5starsblack.png"}],"twitter_card":"summary_large_image","twitter_misc":{"Est. reading time":"8 minutes"},"schema":{"@context":"https:\/\/schema.org","@graph":[{"@type":"WebPage","@id":"https:\/\/sdfnvlaw.com\/updated\/testimonials\/","url":"https:\/\/sdfnvlaw.com\/updated\/testimonials\/","name":"Testimonials - Solomon Dwiggins Freer &amp; Steadman","isPartOf":{"@id":"https:\/\/sdfnvlaw.com\/updated\/#website"},"datePublished":"2025-05-30T21:13:28+00:00","dateModified":"2025-07-25T19:17:07+00:00","inLanguage":"en-US","potentialAction":[{"@type":"ReadAction","target":["https:\/\/sdfnvlaw.com\/updated\/testimonials\/"]}]},{"@type":"WebSite","@id":"https:\/\/sdfnvlaw.com\/updated\/#website","url":"https:\/\/sdfnvlaw.com\/updated\/","name":"Solomon Dwiggins Freer &amp; Steadman","description":"Trust and Estate Attorneys","potentialAction":[{"@type":"SearchAction","target":{"@type":"EntryPoint","urlTemplate":"https:\/\/sdfnvlaw.com\/updated\/?s={search_term_string}"},"query-input":"required name=search_term_string"}],"inLanguage":"en-US"}]}},"_links":{"self":[{"href":"https:\/\/sdfnvlaw.com\/updated\/wp-json\/wp\/v2\/pages\/52040","targetHints":{"allow":["GET"]}}],"collection":[{"href":"https:\/\/sdfnvlaw.com\/updated\/wp-json\/wp\/v2\/pages"}],"about":[{"href":"https:\/\/sdfnvlaw.com\/updated\/wp-json\/wp\/v2\/types\/page"}],"author":[{"embeddable":true,"href":"https:\/\/sdfnvlaw.com\/updated\/wp-json\/wp\/v2\/users\/2"}],"replies":[{"embeddable":true,"href":"https:\/\/sdfnvlaw.com\/updated\/wp-json\/wp\/v2\/comments?post=52040"}],"version-history":[{"count":4,"href":"https:\/\/sdfnvlaw.com\/updated\/wp-json\/wp\/v2\/pages\/52040\/revisions"}],"predecessor-version":[{"id":52145,"href":"https:\/\/sdfnvlaw.com\/updated\/wp-json\/wp\/v2\/pages\/52040\/revisions\/52145"}],"wp:attachment":[{"href":"https:\/\/sdfnvlaw.com\/updated\/wp-json\/wp\/v2\/media?parent=52040"}],"curies":[{"name":"wp","href":"https:\/\/api.w.org\/{rel}","templated":true}]}}